{"id":45,"date":"2025-09-12T00:14:41","date_gmt":"2025-09-12T00:14:41","guid":{"rendered":"https:\/\/usadataserver.com\/webservice\/home\/"},"modified":"2026-02-26T14:36:33","modified_gmt":"2026-02-26T14:36:33","slug":"home","status":"publish","type":"page","link":"https:\/\/usadataserver.com\/webservice\/","title":{"rendered":"HOME"},"content":{"rendered":"\n\n\n<span style=\"line-height:1.5;\">Desde el 2003 registramos \ndominios, ofrecemos un lugar \nen servidores privados \nen Linux y producimos una \nvariedad de proyectos web.<br>Gesti\u00f3n proactiva.<\/span><p><\/p>\n\n\n<span style=\"line-height:1.5;\">Somos expertos en posicionar \np\u00e1ginas web en google <br>&nbsp;en los resultados normales.<\/span><p><\/p>\n\n\n<span style=\"line-height:1.5;\">Expanda su negocio entre \nBrasil y Argentina.<br>&nbsp;Creamos web en Portugu\u00e9s y Espa\u00f1ol.<\/span><p><\/p>\n\n\n\n\n<h5><font dir=\"auto\" style=\"vertical-align: inherit;\"><font dir=\"auto\" style=\"vertical-align: inherit; color: rgb(13, 13, 99);\">Muchas gracias por visitar nuestra p\u00e1gina Web<\/font><\/font><\/h5>\n\n\n\n\n<p>Lorem Ipsum has been the industry&#8217;s standard dummy text ever since the 1500s.<\/p>\n\n\n\n\n\n\n\n\nHey there, I have an amazing tooltip !\n<p style=\"text-align: center;\"><strong>A\u00f1o 2002 \u00abque tiempos aquellos!!!<\/strong><br><\/p><p style=\"text-align: center;\">\u00a1Leer en los foros para poder aprender. \u00a1A partir de ah\u00ed que&nbsp; todo comenz\u00f3!<\/p><p style=\"text-align: center;\"><br>Hoy en d\u00eda cada vez menos personas tienen web y dominio propio.<\/p><p style=\"text-align: center;\">(hay algo escrito sobre esto en nuestra segunda web)<\/p>\n\n\n\n\n\n\n\n\n\n\n\n\n\n\n\n\n\n\n\n\n\n\n\n\n\n\n\n\n\n\n\n\n\n\n\n\n\n<h2>Diversidad de proyectos realizados<\/h2>\n<p style=\"text-align: center;\">Trabajamos en una variedad de proyectos!<\/p><p style=\"text-align: center;\">La experiencia se construye al aplicar el conocimiento en situaciones reales.<\/p>\n<h5 style=\"text-align: center;\"><span style=\"color: rgb(255, 255, 255);\"><font dir=\"auto\" style=\"vertical-align: inherit;\"><\/font><\/span><\/h5>\n\n\n\n\n\n\n\n\n\n\n\n\n\n\n\n\n\n\n\n\n\n\n\n\n\n\n\n<h6 style=\"\"><font dir=\"auto\" style=\"vertical-align: inherit;\"><font dir=\"auto\" style=\"vertical-align: inherit;\"><font color=\"#ffffcc\"><font dir=\"auto\" style=\"vertical-align: inherit;\"><font dir=\"auto\" style=\"vertical-align: inherit;\">\u00a1Estamos conectados entre personas, ciudades y pa\u00edses! <\/font><\/font><\/font><br><font color=\"#ffffcc\"><font dir=\"auto\" style=\"vertical-align: inherit;\"><font dir=\"auto\" style=\"vertical-align: inherit;\">Y La computaci\u00f3n es el motor de la econom\u00eda.<\/font><\/font><\/font><\/font><\/font><\/h6>\n<h5 style=\"font-size: x-large;\"><span style=\"font-size: 22px;\"><\/span><\/h5><span style=\"color:#ffffcc;\"><h5 style=\"font-size: x-large; color: rgb(255, 255, 255);\"><font dir=\"auto\" style=\"vertical-align: inherit;\"><font dir=\"auto\" style=\"vertical-align: inherit;\"><font dir=\"auto\" style=\"vertical-align: inherit;\"><strong><font dir=\"auto\" style=\"vertical-align: inherit;\"><font dir=\"auto\" style=\"vertical-align: inherit;\">Los servidores y centros de datos <\/font><\/font><br><font dir=\"auto\" style=\"vertical-align: inherit;\"><font dir=\"auto\" style=\"vertical-align: inherit;\">&nbsp;son la infraestructura que hace posible <br>la comunicaci\u00f3n instant\u00e1nea <br>en cualquier parte del mundo.\n <\/font><\/font><br><br><font dir=\"auto\" style=\"vertical-align: inherit;\"><font dir=\"auto\" style=\"vertical-align: inherit;\">&nbsp;Cuando env\u00edas un mensaje, <br>tus datos no viajan&nbsp;<\/font><\/font><font dir=\"auto\" style=\"vertical-align: inherit;\"><font dir=\"auto\" style=\"vertical-align: inherit;\">&nbsp;directamente <br>al destino,&nbsp;en su lugar, <\/font><\/font><br><font dir=\"auto\" style=\"vertical-align: inherit;\"><font dir=\"auto\" style=\"vertical-align: inherit;\">&nbsp;se env\u00edan a un servidor en un centro de datos.<\/font><\/font><\/strong><\/font><\/font><\/font><\/h5><\/span><h5 style=\"font-size: 25px;\"><\/h5>\n<h5 style=\"font-size: x-large;\"><span style=\"font-size: 22px;\"><\/span><\/h5><span style=\"color:#ffffcc;\"><h5 style=\"font-size: x-large; color: rgb(255, 255, 255);\"><strong><font dir=\"auto\" style=\"vertical-align: inherit;\"><font dir=\"auto\" style=\"vertical-align: inherit;\"><font dir=\"auto\" style=\"vertical-align: inherit;\">La infraestructura avanzada y los servicios web<\/font><\/font>&nbsp;<br><\/font><font dir=\"auto\" style=\"vertical-align: inherit;\"><font dir=\"auto\" style=\"vertical-align: inherit;\"><font dir=\"auto\" style=\"vertical-align: inherit;\"> es el lenguaje que permite que todas&nbsp; <\/font><\/font><\/font><font dir=\"auto\" style=\"vertical-align: inherit;\"><font dir=\"auto\" style=\"vertical-align: inherit;\"><font dir=\"auto\" style=\"vertical-align: inherit;\">las plataformas <\/font><\/font><br><font dir=\"auto\" style=\"vertical-align: inherit;\"><font dir=\"auto\" style=\"vertical-align: inherit;\">se comuniquen entre s\u00ed.<\/font><\/font><\/font><\/strong><\/h5><\/span><h5 style=\"font-size: 25px;\"><\/h5>\n\n\n\n\n\n\n\n\n\n<p><font dir=\"auto\" style=\"vertical-align: inherit;\"><font dir=\"auto\" style=\"vertical-align: inherit; color: rgb(10, 27, 101);\"><font dir=\"auto\" style=\"vertical-align: inherit;\"><font dir=\"auto\" style=\"vertical-align: inherit;\"><font dir=\"auto\" style=\"vertical-align: inherit;\"><font dir=\"auto\" style=\"vertical-align: inherit; color: rgb(13, 13, 99);\">\u00a1Impulsa tu negocio con un hermoso sitio web!<\/font><\/font><\/font><\/font><\/font><\/font><\/p>\n\n<p>(P\u00e1ginas web, Redise\u00f1os, Tiendas online, Landing pages, Portal, Blog, Cat\u00e1logo, Marketplace,&nbsp;<\/p><p>E-commerce, Sistemas con Programaci\u00f3n y Bases de datos&#8230;)<\/p>\n<p style=\"font-size: large; text-align: left;\">La idea es tener tu p\u00e1gina web, un lindo site, dise\u00f1o profesional,\n<br>con una interface y contenidos bien planeados.<\/p>\n<p style=\"font-size: large; text-align: left;\">Somos expertos en posicionar p\u00e1ginas web en google.<br><\/p>\n<p style=\"text-align: center;\"><font size=\"4\">Tu Presencia en internet es una forma de que la gente te encuentre.<\/font><strong><br><font size=\"4\">\u00abSi no est\u00e1s, no existis\u00bb<\/font><\/strong><\/p>\n\n\n\n\n\n\n\n\n\n\n\n<p><font dir=\"auto\" style=\"vertical-align: inherit;\"><font dir=\"auto\" style=\"vertical-align: inherit; color: rgb(10, 27, 101);\"><font dir=\"auto\" style=\"vertical-align: inherit;\"><font dir=\"auto\" style=\"vertical-align: inherit;\"><font dir=\"auto\" style=\"vertical-align: inherit;\"><font dir=\"auto\" style=\"vertical-align: inherit; color: rgb(13, 13, 99);\">\u00a1Una mejor manera de trabajar!<\/font><\/font><\/font><\/font><\/font><\/font><\/p>\n\n<p style=\"font-size: large;\">Los servicios en Redes Sociales y\/o en la Nube son muy limitadas las herramientas. <br>No se puede elegir el mejor modelo para su negocio y arriesga a perder todo. <br>Est\u00e1s a merced de terceros, de sus pol\u00edticas y algoritmos.<\/p>\n<p style=\"font-size: large;\">La soluci\u00f3n estrat\u00e9gica es el dise\u00f1o personalizado. <br>Clave es la originalidad, a diferencia de las plantillas gen\u00e9ricas \u00abenlatadas\u00bb <br>que ofrecen las redes sociales. <br>Aqui cada dise\u00f1o es \u00fanico! y se alinea con tus valores, con tu historia&#8230;<\/p>\n<p style=\"font-size: large;\">Servidores Linux es el nivel m\u00e1s alto de potencia en el mundo del hosting.\n<br>Y un Centro de Datos privado es la soluci\u00f3n m\u00e1s poderosa para las empresas y organizaciones, <br>&nbsp;ya que te permite interactuar directamente con tu p\u00fablico, con dise\u00f1o personalizado <br>y tener el control total sobre las propiedades de tu marca, de tus datos.<\/p>\n<p style=\"font-size: large; text-align: left;\">Olv\u00eddese de los problemas t\u00e9cnicos complejos e invierta en nuestro sistema. <br>\u00abConectamos tus proyectos al mundo\u00bb<\/p>\n\n\n\n\n\n\n\n\n\n\n\u00bfQUE NECESITO?\nNecesitas una forma de que la gente te encuentre.<br>Un sitio web es indispensables.\n\n\n\u00bfNecesitas generar clientes?\n\n\n?\n\n\n\n\n\u00bfQuieres que m\u00e1s gente \nconozca tu negocio o \nproducto?\n\n\n?\n\n\n\n\n\n\u00bfQuieres introducir algo \nnuevo al mercado?\n\n\n?\n\n\n\n\nuna gran idea!\nTu Presencia Online\n\n\n\n\n\n\n\n\nSer Visible para Nuevos Clientes\nConectar con tu Audiencia\nAumentar las Ventas\nGenerar mas clientes\nDivulgar un evento, \nuna marca, o a ti mismo\nIntroducir algo\nnuevo al mercado\nGenerar conciencia\n\n\n\n\n\n\n\n\n\n\n\n\n\n\n\n\n\n\n\n\n\n\n\n\n<h2>24\/7 Tu web, Tu tienda, tu portafolio<\/h2>\n<p style=\"\"><span style=\"color: rgb(255, 255, 255);\">Venda o Muestra su Trabajo.\n<br>A diferencia de una tienda f\u00edsica, tu sitio web\nest\u00e1 siempre abierto, permiti\u00e9ndote alcanzar\nclientes en cualquier momento y desde cualquier lugar.<\/span><\/p>\n\n\n\n\n\n\n\n\n\n\n\n\n\n\n\n\n\n\n\n\n\n\n\n\n<h2><strong>Una p\u00e1gina web es el centro\n<br>de operaciones de tu negocio.<\/strong><\/h2>\n<p style=\"\"><span style=\"color: rgb(255, 255, 255);\"><font dir=\"auto\" style=\"vertical-align: inherit;\"><font dir=\"auto\" style=\"vertical-align: inherit;\">Una p\u00e1gina web es el centro de todo, es el lugar ideal para divulgar en todas tus estrategias de marketing.\n <br><\/font><\/font><br><font dir=\"auto\" style=\"vertical-align: inherit;\"><font dir=\"auto\" style=\"vertical-align: inherit;\">&nbsp;Divulge su sitio entre tus amigos, en tus redes sociales, en tu estado, en tus email, en la TV, la radio, en el diario, tarjetas personales, panfletos, banner, placas, carteles, adhesivo en tu auto, impresos en general y hablando con las personas&#8230;<\/font><\/font><\/span><\/p>\n\n\n\n\n\n\n\n\n\n\n\n\n\n\n\n\n<h2><span style=\"color:#C3234D;\">Algunos sectores que pueden beneficiarse\n<br>de una presencia on-line<\/span>\n<\/h2>\n\n\n\n\n\n\n\n\n\n\n\n\n\n\n\n\n\n\n\n\n\n\n\n\n\n\n\n\n\n\n\n\n\n\n\n\n\n\n\n\n\n\n\n\n\n\n\n\n\n\n\n\n\n\n\n\n\n\n\n\n\n\n\n\n\n\n\n\n\n\n\n\n\n\n\n\n\n\n\n\n\n\n\n\n\n\n\n\n\n\n\n\n\n\n\n\n\n\n\n\n\n\n\n\n\n\n\n\n\n\n\n\n\n\n\n\n\n\n\n\n\n\n\n\n\n\n\n\n\n\n\n\n\n\n\n\n\n\n\n\n\n\n\n\n\n\n\n\n\n\n\n\n\n\n\n\n\n\n\n","protected":false},"excerpt":{"rendered":"","protected":false},"author":1,"featured_media":0,"parent":0,"menu_order":0,"comment_status":"closed","ping_status":"closed","template":"","meta":{"pagelayer_contact_templates":[],"_pagelayer_content":"","footnotes":""},"class_list":["post-45","page","type-page","status-publish","hentry"],"_links":{"self":[{"href":"https:\/\/usadataserver.com\/webservice\/wp-json\/wp\/v2\/pages\/45","targetHints":{"allow":["GET"]}}],"collection":[{"href":"https:\/\/usadataserver.com\/webservice\/wp-json\/wp\/v2\/pages"}],"about":[{"href":"https:\/\/usadataserver.com\/webservice\/wp-json\/wp\/v2\/types\/page"}],"author":[{"embeddable":true,"href":"https:\/\/usadataserver.com\/webservice\/wp-json\/wp\/v2\/users\/1"}],"replies":[{"embeddable":true,"href":"https:\/\/usadataserver.com\/webservice\/wp-json\/wp\/v2\/comments?post=45"}],"version-history":[{"count":400,"href":"https:\/\/usadataserver.com\/webservice\/wp-json\/wp\/v2\/pages\/45\/revisions"}],"predecessor-version":[{"id":1421,"href":"https:\/\/usadataserver.com\/webservice\/wp-json\/wp\/v2\/pages\/45\/revisions\/1421"}],"wp:attachment":[{"href":"https:\/\/usadataserver.com\/webservice\/wp-json\/wp\/v2\/media?parent=45"}],"curies":[{"name":"wp","href":"https:\/\/api.w.org\/{rel}","templated":true}]}}