{"id":42,"date":"2025-09-12T00:14:41","date_gmt":"2025-09-12T00:14:41","guid":{"rendered":"https:\/\/usadataserver.com\/webservice\/about\/"},"modified":"2026-02-26T12:20:04","modified_gmt":"2026-02-26T12:20:04","slug":"pcuser","status":"publish","type":"page","link":"https:\/\/usadataserver.com\/webservice\/pcuser\/","title":{"rendered":"PC User"},"content":{"rendered":"\n\n\n\n\n\n\n\n<h2>Desde 2003 ayudamos a las personas y empresas \na tener su presencia en internet,\ntanto a nivel nacional como internacional.\n<br><br>Fuimos de los primeros en registrar dominios\ny en ofrecer hosting con servidores propios en Linux.<\/h2>\n<h2><br>Creamos proyectos web en Portugu\u00e9s y Espa\u00f1ol.<br>Expanda su negocio entre Brasil y Argentina.<br><\/h2>\n\n\n\n\n\n\n\n\n\n\n\n\n\n\n\n\n\n\n\n\n\n\n\n\n\n\n\n\n\n\n\n\n\n\n\n\n\n\n\n\n\n\n\n\n\n\n\n\n\n\n\n\n\n\n\n\n\n\n\n\n\n\n\n<p style=\"color: rgb(55, 73, 88); text-align: left;\"><span style=\"color: rgb(255, 255, 255);\"><font dir=\"auto\" style=\"vertical-align: inherit;\"><font dir=\"auto\" style=\"vertical-align: inherit;\"><font dir=\"auto\" style=\"vertical-align: inherit;\"><font dir=\"auto\" style=\"vertical-align: inherit;\"><font dir=\"auto\" style=\"vertical-align: inherit;\"><font dir=\"auto\" style=\"vertical-align: inherit;\">En 1985 juntos con amigos de la primaria nos divertimos <\/font><\/font><\/font><\/font><br><font dir=\"auto\" style=\"vertical-align: inherit;\"><font dir=\"auto\" style=\"vertical-align: inherit;\"><font dir=\"auto\" style=\"vertical-align: inherit;\"><font dir=\"auto\" style=\"vertical-align: inherit;\">con la compu, dise\u00f1ando logotipos, imprimiendo en remeras, grabando sonidos del ambiente y hasta grabamos nuestra propia banda.<\/font><\/font><\/font><\/font><br><\/font><\/font><\/span><font color=\"#ffffff\"><br><font dir=\"auto\" style=\"vertical-align: inherit;\"><font dir=\"auto\" style=\"vertical-align: inherit;\"><font dir=\"auto\" style=\"vertical-align: inherit;\"><font dir=\"auto\" style=\"vertical-align: inherit;\"> PC User | USA Data Server | Web Service |\n<br>una empresa de computers conectados <br>por internet.<\/font><\/font><\/font><\/font><font dir=\"auto\" style=\"vertical-align: inherit;\"><font dir=\"auto\" style=\"vertical-align: inherit;\"><strong><br><\/strong><\/font><\/font><\/font><\/p><p style=\"text-align: left;\"><strong><font color=\"#ffffff\"><font dir=\"auto\" style=\"vertical-align: inherit;\"><font dir=\"auto\" style=\"vertical-align: inherit;\">\u00a1 Que seas muy bienvenido&nbsp; <\/font><\/font><br><\/font><span style=\"color: rgb(255, 255, 255);\"><font dir=\"auto\" style=\"vertical-align: inherit;\"><font dir=\"auto\" style=\"vertical-align: inherit;\">a nuestra red de amigos !<\/font><\/font><\/span><\/strong><\/p>\n\n\n\n\n\n\n\n\n<h2>Diversidad de proyectos realizados<\/h2>\n<p style=\"text-align: center;\">Trabajamos en una variedad de proyectos!<\/p><p style=\"text-align: center;\">La experiencia se construye al aplicar el conocimiento en situaciones reales.<\/p>\n<h5 style=\"text-align: center;\"><span style=\"color: rgb(255, 255, 255);\"><font dir=\"auto\" style=\"vertical-align: inherit;\"><\/font><\/span><\/h5>\n\n\n\n\n\n\n\n\n\n\n\n\n\n\n\n\n\n\n\n\n\n\n\nEpocas muy buenas!\n\n\n\n<p><span style=\"color:#757575; font-size:14px;\">Nacimiento de Daniel Roldan<br>PC User\nen Corrientes &#8211; Capital &#8211; Argentina<\/span><\/p>\n\n\n<p><span style=\"color:#757575; font-size:14px;\">a los 7 a\u00f1os entre al Jardin De Infantes en la Escuela Misericordia<\/span><\/p>\n\n\n<p><span style=\"color:#757575; font-size:14px;\">Educaci\u00f3n Primaria <br>en el\nColegio Salesiano <br>\u00abObra de Don Bosco\u00bb<\/span><\/p>\n\n\n\n\n<p><span style=\"color:#757575; font-size:14px;\">Campe\u00f3n Infantil de Ajedrez de la Provincia de Corrientes con 8 a\u00f1os, con 9, con 10, con 11 y hasta los 12 a\u00f1os.<br><br>&nbsp;Torneos en el Club de Ajedrez Jaque al Rey, en la Escuela de Ajedrez Ciencia y Arte, y tambi\u00e9n en el Club de Ajedrez Pe\u00f3n y Mate.<\/span><\/p>\n\n\n<p><span style=\"color:#757575; font-size:14px;\">Use por primera vez\n<br>una computadora! <br>PC con sistema operativo DOS.<br><br>La segunda PC&nbsp;<br>y mi primera PC propia<br>fue con windows 3.11<\/span><\/p>\n\n\n<p><span style=\"color:#757575; font-size:14px;\">Un buen jugador de F\u00fatbol, y de LIGA, desde semillita, cebollita, <br>en el Club Atl\u00e9tico Boca Unidos de Corrientes en Argentina<\/span><\/p>\n\n\n\n\n<p><span style=\"color:#757575; font-size:14px;\">Educaci\u00f3n Secundaria en\nla Escuela Nacional de \nComercio Manuel Belgrano\nen Corrientes &#8211; Argentina<\/span><\/p>\n\n\n<p><span style=\"color:#757575; font-size:14px;\">Curso de Computaci\u00f3n\nOperador de PC \nDOS &#8211; windows &#8211; word &#8211; excel<\/span><\/p>\n\n\n<p><span style=\"color:#757575; font-size:14px;\">Venta y Reparaci\u00f3n de Computadoras,\nConsultoria y Soporte t\u00e9cnico.\n<br><br>&nbsp;Dise\u00f1o gr\u00e1fico, tarjetas personales, \npanfletos, bolet\u00edn, calcoman\u00edas, \nlogotipos; gravaci\u00f3n de CD, \ndigitalizaci\u00f3n de sonido,creaci\u00f3n de textos, \nedici\u00f3n de fotograf\u00eda, videos y audio.<\/span><\/p>\n\n\n\n\n<p><span style=\"color:#757575; font-size:14px;\">Profesor de Ajedrez\ny de Computaci\u00f3n\npara ni\u00f1os y adultos\nen aulas particulares<\/span><\/p>\n\n\n<p><span style=\"color:#757575; font-size:14px;\">Maestro de Computaci\u00f3n\nen una Escuela Primaria \npara alumnos de 6 a 11 a\u00f1os \n(EGB 1 y EGB 2)\nen Corrientes &#8211; Argentina<\/span><\/p>\n\n\n<p><span style=\"color:#757575; font-size:14px;\">Carrera de \u00abT\u00e9cnico Superior \nen Administraci\u00f3n de Empresas\u00bb\nen el Instituto Superior \n\u00abNuestra Se\u00f1ora de la Misericordia\u00bb\nArzobispado de Corrientes &#8211; Argentina.<br><br>T\u00edtulo habilitante para ser\nprofesor en las \u00e1reas Contables y Empresarial, para los alumnos del jard\u00edn de infantes, primario (EGB 1 y 2)\ny secundaria.<\/span><\/p>\n\n\n\n\n<p><span style=\"color:#757575; font-size:14px;\">Realize una Pasant\u00eda en el \nBanco de Corrientes S.A\natrav\u00e9s del Instituto Misericordia<\/span><\/p>\n\n\n<p><span style=\"color:#757575; font-size:14px;\">Me fui a vivir al Brasil,\nen la ciudad ga\u00facha de \nPorto Alegre \/ RS <br><br>Un cambio emocionante! La oportunidad para aprender \ndesde lo personal y una gran experiencia\ndesde lo profesional<\/span><\/p>\n\n\n<p><span style=\"color:#757575; font-size:14px;\">Entre en la actividad de \nNetwork Marketing\ndel \u00abSistema Trabaje en Casa\u00bb,\nme sume como Distribuidor \nHerbalife en Brasil.\n<br><br>Esta empresa fue clave\npara mi desarrollo personal\ny en mi formaci\u00f3n empresarial.\n\nSu capacitaci\u00f3n es TOP!\n\u00abmi mejor escuela para negocios\u00bb<\/span><\/p>\n\n\n\n\n<p><span style=\"color:#757575; font-size:14px;\">\u00c1rea Medicina\nInfoMed &#8211; Representante de F\u00e1bricas y Laborat\u00f3rios Norte-Americanos y del Brasil<\/span><\/p>\n\n\n<p><span style=\"color:#757575; font-size:14px;\">PC User en Brasil.\nIniciamos en el mundo del hosting con servidores dedicados en Linux,\nofreciendo Internet Hosting solutions,\nServer Management, web service, \nSoftware, Hardware, Dominios, Space, \nE-mails, webmaster, seo, promoci\u00f3n web,\nvision.<br>&nbsp;Producimos p\u00e1ginas web, Landing pages,\nPortal, Blog, Cat\u00e1logo, Marketplace, \ny  E-commerce.\n<br><br>Plan, creaci\u00f3n, generaci\u00f3n de contenidos, \npublicaci\u00f3n, seguridad y actualizaci\u00f3n<\/span><\/p>\n\n\n<p><span style=\"color:#757575; font-size:14px;\">Nuestra Empresa es Oficialmente Certificada para Registrar Dominios \u00ab.com.br\u00bb en Brasil,\npara ser Proveedor de servicios como servidores DNS y proveedor de hosting.<\/span><\/p>\n\n\n\n\n<p><span style=\"color:#757575; font-size:14px;\">Accionista de la Bolsa de Valores \n(Bovespa) en Brasil,\noperando directamente a trav\u00e9s \ndel Home Broker del Banco do Brasil,\n(osea sin intermedi\u00e1rios como los agentes de una correctora)<\/span><\/p>\n\n\n<p><span style=\"color:#757575; font-size:14px;\">Nos dedicamos a la construcci\u00f3n de p\u00e1ginas web.  \nFuimos de los primeros en registrar dominios\ny en ofrecer hosting con servidores propios en Linux para uso exclusivo.\nUna plataforma para negocios de primer nivel, ubicado en el coraz\u00f3n de Silicon Valley en los Estados Unidos<\/span><\/p>\n\n\n<p><span style=\"color:#757575; font-size:14px;\">SysAdmin (Administrador de Sistemas)\n<br>Profesional de TI<\/span><\/p>\n\n\n\n\n\n\n\n\n\n\n\n\n\n\n\n\n\n\n\n","protected":false},"excerpt":{"rendered":"","protected":false},"author":1,"featured_media":0,"parent":0,"menu_order":0,"comment_status":"closed","ping_status":"closed","template":"","meta":{"pagelayer_contact_templates":[],"_pagelayer_content":"","footnotes":""},"class_list":["post-42","page","type-page","status-publish","hentry"],"_links":{"self":[{"href":"https:\/\/usadataserver.com\/webservice\/wp-json\/wp\/v2\/pages\/42","targetHints":{"allow":["GET"]}}],"collection":[{"href":"https:\/\/usadataserver.com\/webservice\/wp-json\/wp\/v2\/pages"}],"about":[{"href":"https:\/\/usadataserver.com\/webservice\/wp-json\/wp\/v2\/types\/page"}],"author":[{"embeddable":true,"href":"https:\/\/usadataserver.com\/webservice\/wp-json\/wp\/v2\/users\/1"}],"replies":[{"embeddable":true,"href":"https:\/\/usadataserver.com\/webservice\/wp-json\/wp\/v2\/comments?post=42"}],"version-history":[{"count":99,"href":"https:\/\/usadataserver.com\/webservice\/wp-json\/wp\/v2\/pages\/42\/revisions"}],"predecessor-version":[{"id":1391,"href":"https:\/\/usadataserver.com\/webservice\/wp-json\/wp\/v2\/pages\/42\/revisions\/1391"}],"wp:attachment":[{"href":"https:\/\/usadataserver.com\/webservice\/wp-json\/wp\/v2\/media?parent=42"}],"curies":[{"name":"wp","href":"https:\/\/api.w.org\/{rel}","templated":true}]}}